{"id":3091,"date":"2020-02-09T09:54:43","date_gmt":"2020-02-09T09:54:43","guid":{"rendered":"http:\/\/andreibreier.com\/?page_id=3091"},"modified":"2023-11-21T22:13:22","modified_gmt":"2023-11-21T20:13:22","slug":"despre-mine","status":"publish","type":"page","link":"https:\/\/andreibreier.com\/index.php\/despre-mine\/","title":{"rendered":"Despre Mine"},"content":{"rendered":"\t\t<div data-elementor-type=\"wp-post\" data-elementor-id=\"3091\" class=\"elementor elementor-3091\" data-elementor-post-type=\"page\">\n\t\t\t\t\t\t<section class=\"elementor-section elementor-top-section elementor-element elementor-element-7bff19f9 elementor-section-boxed elementor-section-height-default elementor-section-height-default\" data-id=\"7bff19f9\" data-element_type=\"section\" data-settings=\"{&quot;background_background&quot;:&quot;classic&quot;}\">\n\t\t\t\t\t\t\t<div class=\"elementor-background-overlay\"><\/div>\n\t\t\t\t\t\t\t<div class=\"elementor-container elementor-column-gap-default\">\n\t\t\t\t\t<div class=\"elementor-column elementor-col-100 elementor-top-column elementor-element elementor-element-442a3a41\" data-id=\"442a3a41\" data-element_type=\"column\">\n\t\t\t<div class=\"elementor-widget-wrap elementor-element-populated\">\n\t\t\t\t\t\t<div class=\"elementor-element elementor-element-66889d8 section-align-center section-size-large subtitle-style-default elementor-widget elementor-widget-section-heading\" data-id=\"66889d8\" data-element_type=\"widget\" data-widget_type=\"section-heading.default\">\n\t\t\t\t<div class=\"elementor-widget-container\">\n\t\t\t\t\t<div class=\"section-heading headingstyle-subtitle\"><h5 class=\"entry-sub-title section-sub-title\">De Ce Eu?<\/h5><div class=\"section-title-wrapper\"><h2 class=\"entry-title section-title\">Despre Mine<\/h2><\/div><div class=\"section-description clearfix\"><div class=\"section-description-inner\"><p>TR\u0102IRI INTENSE, ZAMBETE NATURALE \u0218I-UN STROP DE MAGIE PENTRU O NUNT\u0102 CA-N POVE\u0218TI.<\/p>\n<\/div><\/div><\/div>\t\t\t\t<\/div>\n\t\t\t\t<\/div>\n\t\t\t\t<div class=\"elementor-element elementor-element-ea251ec scroll-indiciate-align-center elementor-widget elementor-widget-scroll-indicator\" data-id=\"ea251ec\" data-element_type=\"widget\" data-widget_type=\"scroll-indicator.default\">\n\t\t\t\t<div class=\"elementor-widget-container\">\n\t\t\t\t\t<a  href=\"\"><div class=\"mouse-scroll-indicator-wrap\"><div class=\"mouse-scroll-indicator\"><\/div><\/div><\/a>\t\t\t\t<\/div>\n\t\t\t\t<\/div>\n\t\t\t\t\t<\/div>\n\t\t<\/div>\n\t\t\t\t\t<\/div>\n\t\t<\/section>\n\t\t\t\t<section class=\"elementor-section elementor-top-section elementor-element elementor-element-992d3cb elementor-section-full_width elementor-section-height-default elementor-section-height-default\" data-id=\"992d3cb\" data-element_type=\"section\" data-settings=\"{&quot;background_background&quot;:&quot;gradient&quot;}\">\n\t\t\t\t\t\t<div class=\"elementor-container elementor-column-gap-no\">\n\t\t\t\t\t<div class=\"elementor-column elementor-col-50 elementor-top-column elementor-element elementor-element-624352e1\" data-id=\"624352e1\" data-element_type=\"column\" data-settings=\"{&quot;background_background&quot;:&quot;classic&quot;}\">\n\t\t\t<div class=\"elementor-widget-wrap elementor-element-populated\">\n\t\t\t\t\t\t<div class=\"elementor-element elementor-element-7ee2296d section-align-right animated-slow section-mobile-align-center section-size-default subtitle-style-default elementor-invisible elementor-widget elementor-widget-section-heading\" data-id=\"7ee2296d\" data-element_type=\"widget\" data-settings=\"{&quot;_animation&quot;:&quot;fadeIn&quot;}\" data-widget_type=\"section-heading.default\">\n\t\t\t\t<div class=\"elementor-widget-container\">\n\t\t\t\t\t<div class=\"section-heading headingstyle-default\"><div class=\"section-title-wrapper\"><h2 class=\"entry-title section-title\">Filosofia Mea<\/h2><\/div><div class=\"section-description clearfix\"><div class=\"section-description-inner\"><p style=\"text-align: left;\">Totul a \u00eenceput din dorin\u021ba de a imortaliza nu doar amintiri, ci tr\u0103iri intense, autentice.<\/p>\n<p style=\"text-align: left;\">Fiecare poveste este special\u0103 \u0219i merit\u0103 o prezentare pe m\u0103sur\u0103, una care s\u0103 reflecte inocen\u021ba, tinere\u021bea, romantismul, entuziasmul \u0219i senzualitatea nealterate. Stilul pe care l-am \u00eembr\u0103\u021bi\u0219at \u00eel percep ca fiind luminos \u0219i aerisit, boem \u0219i rafinat, caracterizat de o lumin\u0103 natural\u0103 \u0219i o palet\u0103 variat\u0103 de culori, care v\u0103 vor plasa nunta \u00eentr-un cadru idilic, de poveste.<\/p>\n<p style=\"text-align: left;\">Ca fotograf, \u00eemi place s\u0103 transform fiecare experien\u021b\u0103 \u00eentr-o form\u0103 de art\u0103 tangibil\u0103, capabil\u0103 s\u0103 transmit\u0103 st\u0103ri autentice, atemporale. \u00cemi propun s\u0103 surprind emo\u021bii, zambete naturale, \u00eembr\u0103\u021bi\u0219\u0103ri pasionale \u0219i lacrima din col\u021bul ochiului atunci c\u00e2nd spui DA, ca mai apoi s\u0103 a\u0219ez pe h\u00e2rtie o poveste cum nu s-a mai auzit: POVESTEA VOASTR\u0102.<\/p>\n<p style=\"text-align: left;\">Indr\u0103zne\u0219te s\u0103 pa\u0219e\u0219ti \u00eentr-o lume de poveste al\u0103turi de mine!<\/p>\n<\/div><\/div><div class=\"section-button\"><a  href=\"http:\/\/andreibreier.com\/index.php\/portofoliul-meu\/\"><div class=\"mtheme-button\">Vezi Portofoliu<\/div><\/a><\/div><\/div>\t\t\t\t<\/div>\n\t\t\t\t<\/div>\n\t\t\t\t\t<\/div>\n\t\t<\/div>\n\t\t\t\t<div class=\"elementor-column elementor-col-50 elementor-top-column elementor-element elementor-element-53be0514\" data-id=\"53be0514\" data-element_type=\"column\" data-settings=\"{&quot;background_background&quot;:&quot;classic&quot;}\">\n\t\t\t<div class=\"elementor-widget-wrap elementor-element-populated\">\n\t\t\t\t\t\t<div class=\"elementor-element elementor-element-6221250f elementor-widget elementor-widget-spacer\" data-id=\"6221250f\" data-element_type=\"widget\" data-widget_type=\"spacer.default\">\n\t\t\t\t<div class=\"elementor-widget-container\">\n\t\t\t\t\t\t\t<div class=\"elementor-spacer\">\n\t\t\t<div class=\"elementor-spacer-inner\"><\/div>\n\t\t<\/div>\n\t\t\t\t\t\t<\/div>\n\t\t\t\t<\/div>\n\t\t\t\t\t<\/div>\n\t\t<\/div>\n\t\t\t\t\t<\/div>\n\t\t<\/section>\n\t\t\t\t<section class=\"elementor-section elementor-top-section elementor-element elementor-element-701230d6 elementor-section-boxed elementor-section-height-default elementor-section-height-default elementor-invisible\" data-id=\"701230d6\" data-element_type=\"section\" data-settings=\"{&quot;animation&quot;:&quot;fadeIn&quot;}\">\n\t\t\t\t\t\t<div class=\"elementor-container elementor-column-gap-extended\">\n\t\t\t\t\t<div class=\"elementor-column elementor-col-100 elementor-top-column elementor-element elementor-element-7b4af2aa\" data-id=\"7b4af2aa\" data-element_type=\"column\">\n\t\t\t<div class=\"elementor-widget-wrap elementor-element-populated\">\n\t\t\t\t\t\t<div class=\"elementor-element elementor-element-1e7d8b71 section-align-center section-size-large subtitle-style-default elementor-widget elementor-widget-section-heading\" data-id=\"1e7d8b71\" data-element_type=\"widget\" data-widget_type=\"section-heading.default\">\n\t\t\t\t<div class=\"elementor-widget-container\">\n\t\t\t\t\t<div class=\"section-heading headingstyle-subtitle\"><h5 class=\"entry-sub-title section-sub-title\">Afl\u0103 de ce<\/h5><div class=\"section-title-wrapper\"><h2 class=\"entry-title section-title\">De ce eu?<\/h2><\/div><div class=\"section-description clearfix\"><div class=\"section-description-inner\"><h6>Pachete Complete, special concepute pentru toate nevoile  tale<\/h6>\n<\/div><\/div><\/div>\t\t\t\t<\/div>\n\t\t\t\t<\/div>\n\t\t\t\t<div class=\"elementor-element elementor-element-37a76b5 elementor-widget elementor-widget-text-editor\" data-id=\"37a76b5\" data-element_type=\"widget\" data-widget_type=\"text-editor.default\">\n\t\t\t\t<div class=\"elementor-widget-container\">\n\t\t\t\t\t\t\t\t\t<h4 style=\"text-align: center;\">Vreau s\u0103 \u00ee\u021bi vezi adev\u0103rata frumuse\u021be!<br \/>Nu-\u021bi voi cere niciodat\u0103 s\u0103 pari altcineva dec\u00e2t e\u0219ti. Imaginile mele \u00ee\u021bi vor contura adev\u0103rata poveste, \u00eentr-un mod natural.<\/h4><h4 style=\"text-align: center;\">Voi face fotografii incredibil de sexy, \u00eenfrico\u0219\u0103tor de reale, pasionale, isterice, \u00een ziua nun\u021bii tale. Voi surprinde momentele neplanificate, dar pe care \u0219tiu c\u0103 le vei adora.<\/h4>\t\t\t\t\t\t\t\t<\/div>\n\t\t\t\t<\/div>\n\t\t\t\t<div class=\"elementor-element elementor-element-ba7db63 elementor-widget-divider--view-line_icon elementor-view-default elementor-widget-divider--element-align-center elementor-widget elementor-widget-divider\" data-id=\"ba7db63\" data-element_type=\"widget\" data-widget_type=\"divider.default\">\n\t\t\t\t<div class=\"elementor-widget-container\">\n\t\t\t\t\t\t\t<div class=\"elementor-divider\">\n\t\t\t<span class=\"elementor-divider-separator\">\n\t\t\t\t\t\t\t<div class=\"elementor-icon elementor-divider__element\">\n\t\t\t\t\t<i aria-hidden=\"true\" class=\"fas fa-star\"><\/i><\/div>\n\t\t\t\t\t\t<\/span>\n\t\t<\/div>\n\t\t\t\t\t\t<\/div>\n\t\t\t\t<\/div>\n\t\t\t\t<div class=\"elementor-element elementor-element-360a22f2 animated-slow elementor-invisible elementor-widget elementor-widget-text-editor\" data-id=\"360a22f2\" data-element_type=\"widget\" data-settings=\"{&quot;_animation&quot;:&quot;fadeIn&quot;,&quot;_animation_delay&quot;:200}\" data-widget_type=\"text-editor.default\">\n\t\t\t\t<div class=\"elementor-widget-container\">\n\t\t\t\t\t\t\t\t\t<h4 style=\"text-align: center;\"><span style=\"color: #000000;\">Av\u00e2nd o exprien\u021b\u0103 de peste 10 ani \u00een fotografia artistic\u0103 \u0219i peste 7 ani&nbsp;\u00een fotografia de nunt\u0103,&nbsp;<\/span><span style=\"color: #000000;\">\u00ee<\/span><span style=\"color: #000000;\">\u021bi&nbsp;<\/span><span style=\"color: #000000;\">pun cu drag la dispozi\u021bie urm\u0103toarele servicii:<\/span><\/h4>\t\t\t\t\t\t\t\t<\/div>\n\t\t\t\t<\/div>\n\t\t\t\t\t<\/div>\n\t\t<\/div>\n\t\t\t\t\t<\/div>\n\t\t<\/section>\n\t\t\t\t<section class=\"elementor-section elementor-top-section elementor-element elementor-element-be675a3 elementor-section-boxed elementor-section-height-default elementor-section-height-default\" data-id=\"be675a3\" data-element_type=\"section\" data-settings=\"{&quot;background_background&quot;:&quot;classic&quot;}\">\n\t\t\t\t\t\t<div class=\"elementor-container elementor-column-gap-wider\">\n\t\t\t\t\t<div class=\"elementor-column elementor-col-20 elementor-top-column elementor-element elementor-element-722d6959\" data-id=\"722d6959\" data-element_type=\"column\">\n\t\t\t<div class=\"elementor-widget-wrap elementor-element-populated\">\n\t\t\t\t\t\t<div class=\"elementor-element elementor-element-3b9c51f service-box-view-default elementor-invisible elementor-widget elementor-widget-service-box\" data-id=\"3b9c51f\" data-element_type=\"widget\" data-settings=\"{&quot;_animation&quot;:&quot;fadeIn&quot;}\" data-widget_type=\"service-box.default\">\n\t\t\t\t<div class=\"elementor-widget-container\">\n\t\t\t\t\t<div class=\"service-column none service-column-1 service-boxes-icon-with-title true alignicon-top alignicon-top-horizontal serviceboxes-horizontal clearfix\"> <div class=\"service-item none service-item-space\"><div class=\"service-item-inner service-icon-size-small\"><div class=\"service-icon\"><span class=\"icon-outer\"><i class=\"fontawesome in-circle  fa fa-camera-retro\"><\/i><\/span><\/div><div class=\"service-content\"><h4><a  href=\"#\" >Fotografiere pe tot parcursul evenimentului<\/a><\/h4><div class=\"service-details\"><p> Toate fotografiile editate <\/p>\n<\/div><\/div><\/div><\/div> <\/div>\t\t\t\t<\/div>\n\t\t\t\t<\/div>\n\t\t\t\t\t<\/div>\n\t\t<\/div>\n\t\t\t\t<div class=\"elementor-column elementor-col-20 elementor-top-column elementor-element elementor-element-47e3ff61\" data-id=\"47e3ff61\" data-element_type=\"column\">\n\t\t\t<div class=\"elementor-widget-wrap elementor-element-populated\">\n\t\t\t\t\t\t<div class=\"elementor-element elementor-element-767abaae service-box-view-default elementor-invisible elementor-widget elementor-widget-service-box\" data-id=\"767abaae\" data-element_type=\"widget\" data-settings=\"{&quot;_animation&quot;:&quot;fadeIn&quot;}\" data-widget_type=\"service-box.default\">\n\t\t\t\t<div class=\"elementor-widget-container\">\n\t\t\t\t\t<div class=\"service-column none service-column-1 service-boxes-icon-with-title true alignicon-top alignicon-top-horizontal serviceboxes-horizontal clearfix\"> <div class=\"service-item none service-item-space\"><div class=\"service-item-inner service-icon-size-small\"><div class=\"service-icon\"><span class=\"icon-outer\"><i class=\"fontawesome in-circle  ion-videocamera\"><\/i><\/span><\/div><div class=\"service-content\"><h4><a  href=\"#\" >Short Movie<\/a><\/h4><div class=\"service-details\"><p> Scurt rezumat video al evenimentului <\/p>\n<\/div><\/div><\/div><\/div> <\/div>\t\t\t\t<\/div>\n\t\t\t\t<\/div>\n\t\t\t\t\t<\/div>\n\t\t<\/div>\n\t\t\t\t<div class=\"elementor-column elementor-col-20 elementor-top-column elementor-element elementor-element-fe80fd3\" data-id=\"fe80fd3\" data-element_type=\"column\">\n\t\t\t<div class=\"elementor-widget-wrap elementor-element-populated\">\n\t\t\t\t\t\t<div class=\"elementor-element elementor-element-841a1f5 service-box-view-default elementor-invisible elementor-widget elementor-widget-service-box\" data-id=\"841a1f5\" data-element_type=\"widget\" data-settings=\"{&quot;_animation&quot;:&quot;fadeIn&quot;}\" data-widget_type=\"service-box.default\">\n\t\t\t\t<div class=\"elementor-widget-container\">\n\t\t\t\t\t<div class=\"service-column none service-column-1 service-boxes-icon-with-title true alignicon-top alignicon-top-horizontal serviceboxes-horizontal clearfix\"> <div class=\"service-item none service-item-space\"><div class=\"service-item-inner service-icon-size-small\"><div class=\"service-icon\"><span class=\"icon-outer\"><i class=\"fontawesome in-circle  ion-ios-flower-outline\"><\/i><\/span><\/div><div class=\"service-content\"><h4><a  href=\"#\" >\u0218edin\u021b\u0103 Foto &quot;Save The Date&quot;<\/a><\/h4><div class=\"service-details\"><p> \u0218edin\u021b\u0103 foto \u00eenainte de nunt\u0103  <\/p>\n<\/div><\/div><\/div><\/div> <\/div>\t\t\t\t<\/div>\n\t\t\t\t<\/div>\n\t\t\t\t\t<\/div>\n\t\t<\/div>\n\t\t\t\t<div class=\"elementor-column elementor-col-20 elementor-top-column elementor-element elementor-element-da43c17\" data-id=\"da43c17\" data-element_type=\"column\">\n\t\t\t<div class=\"elementor-widget-wrap elementor-element-populated\">\n\t\t\t\t\t\t<div class=\"elementor-element elementor-element-4406729 service-box-view-default elementor-invisible elementor-widget elementor-widget-service-box\" data-id=\"4406729\" data-element_type=\"widget\" data-settings=\"{&quot;_animation&quot;:&quot;fadeIn&quot;}\" data-widget_type=\"service-box.default\">\n\t\t\t\t<div class=\"elementor-widget-container\">\n\t\t\t\t\t<div class=\"service-column none service-column-1 service-boxes-icon-with-title true alignicon-top alignicon-top-horizontal serviceboxes-horizontal clearfix\"> <div class=\"service-item none service-item-space\"><div class=\"service-item-inner service-icon-size-small\"><div class=\"service-icon\"><span class=\"icon-outer\"><i class=\"fontawesome in-circle  ion-ios-flower\"><\/i><\/span><\/div><div class=\"service-content\"><h4><a  href=\"#\" >\u0218edin\u021b\u0103 Foto &quot;After Wedding&quot;<\/a><\/h4><div class=\"service-details\"><p> \u0218edin\u021b\u0103 foto \u00een alt\u0103 zi ( Trash The Dress \/ Love The Dress ), pentru pove\u0219ti de neuitat <\/p>\n<\/div><\/div><\/div><\/div> <\/div>\t\t\t\t<\/div>\n\t\t\t\t<\/div>\n\t\t\t\t\t<\/div>\n\t\t<\/div>\n\t\t\t\t<div class=\"elementor-column elementor-col-20 elementor-top-column elementor-element elementor-element-500ce340\" data-id=\"500ce340\" data-element_type=\"column\">\n\t\t\t<div class=\"elementor-widget-wrap elementor-element-populated\">\n\t\t\t\t\t\t<div class=\"elementor-element elementor-element-6e2c8353 service-box-view-default elementor-invisible elementor-widget elementor-widget-service-box\" data-id=\"6e2c8353\" data-element_type=\"widget\" data-settings=\"{&quot;_animation&quot;:&quot;fadeIn&quot;}\" data-widget_type=\"service-box.default\">\n\t\t\t\t<div class=\"elementor-widget-container\">\n\t\t\t\t\t<div class=\"service-column none service-column-1 service-boxes-icon-with-title true alignicon-top alignicon-top-horizontal serviceboxes-horizontal clearfix\"> <div class=\"service-item none service-item-space\"><div class=\"service-item-inner service-icon-size-small\"><div class=\"service-icon\"><span class=\"icon-outer\"><i class=\"fontawesome in-circle  fa fa-photo\"><\/i><\/span><\/div><div class=\"service-content\"><h4><a  href=\"#\" >RetroBooth<\/a><\/h4><div class=\"service-details\"><p> Photo Booth cu un design special, pe care oaspe\u021bii t\u0103i \u00eel vor adora <\/p>\n<\/div><\/div><\/div><\/div> <\/div>\t\t\t\t<\/div>\n\t\t\t\t<\/div>\n\t\t\t\t\t<\/div>\n\t\t<\/div>\n\t\t\t\t\t<\/div>\n\t\t<\/section>\n\t\t\t\t<section class=\"elementor-section elementor-top-section elementor-element elementor-element-24c9e432 elementor-section-boxed elementor-section-height-default elementor-section-height-default\" data-id=\"24c9e432\" data-element_type=\"section\" data-settings=\"{&quot;background_background&quot;:&quot;classic&quot;}\">\n\t\t\t\t\t\t\t<div class=\"elementor-background-overlay\"><\/div>\n\t\t\t\t\t\t\t<div class=\"elementor-container elementor-column-gap-default\">\n\t\t\t\t\t<div class=\"elementor-column elementor-col-100 elementor-top-column elementor-element elementor-element-58b1c53f\" data-id=\"58b1c53f\" data-element_type=\"column\">\n\t\t\t<div class=\"elementor-widget-wrap elementor-element-populated\">\n\t\t\t\t\t\t<div class=\"elementor-element elementor-element-1096df5a section-align-center section-size-large subtitle-style-default elementor-widget elementor-widget-section-heading\" data-id=\"1096df5a\" data-element_type=\"widget\" data-widget_type=\"section-heading.default\">\n\t\t\t\t<div class=\"elementor-widget-container\">\n\t\t\t\t\t<div class=\"section-heading headingstyle-default\"><div class=\"section-title-wrapper\"><h2 class=\"entry-title section-title\">Transform\u0103-\u021bi nunta \u00eentr-o poveste de neuitat<\/h2><\/div><div class=\"section-description clearfix\"><div class=\"section-description-inner\"><h5>Dac\u0103 ai ajuns p\u00e2n\u0103 aici, s-ar putea s\u0103 \u0219tiu cine e\u0219ti. <\/h5>\n<\/div><\/div><\/div>\t\t\t\t<\/div>\n\t\t\t\t<\/div>\n\t\t\t\t\t<\/div>\n\t\t<\/div>\n\t\t\t\t\t<\/div>\n\t\t<\/section>\n\t\t\t\t<section class=\"elementor-section elementor-top-section elementor-element elementor-element-1ddfdd9 elementor-section-boxed elementor-section-height-default elementor-section-height-default\" data-id=\"1ddfdd9\" data-element_type=\"section\">\n\t\t\t\t\t\t<div class=\"elementor-container elementor-column-gap-default\">\n\t\t\t\t\t<div class=\"elementor-column elementor-col-100 elementor-top-column elementor-element elementor-element-055072f\" data-id=\"055072f\" data-element_type=\"column\">\n\t\t\t<div class=\"elementor-widget-wrap elementor-element-populated\">\n\t\t\t\t\t\t<div class=\"elementor-element elementor-element-d1eefad elementor-widget elementor-widget-spacer\" data-id=\"d1eefad\" data-element_type=\"widget\" data-widget_type=\"spacer.default\">\n\t\t\t\t<div class=\"elementor-widget-container\">\n\t\t\t\t\t\t\t<div class=\"elementor-spacer\">\n\t\t\t<div class=\"elementor-spacer-inner\"><\/div>\n\t\t<\/div>\n\t\t\t\t\t\t<\/div>\n\t\t\t\t<\/div>\n\t\t\t\t<div class=\"elementor-element elementor-element-78292d0 elementor-widget elementor-widget-text-editor\" data-id=\"78292d0\" data-element_type=\"widget\" data-widget_type=\"text-editor.default\">\n\t\t\t\t<div class=\"elementor-widget-container\">\n\t\t\t\t\t\t\t\t\t<h4 style=\"text-align: center;\">Cere\u00a0Ofert\u0103<\/h4>\t\t\t\t\t\t\t\t<\/div>\n\t\t\t\t<\/div>\n\t\t\t\t\t<\/div>\n\t\t<\/div>\n\t\t\t\t\t<\/div>\n\t\t<\/section>\n\t\t\t\t<section class=\"elementor-section elementor-top-section elementor-element elementor-element-279818a elementor-section-boxed elementor-section-height-default elementor-section-height-default\" data-id=\"279818a\" data-element_type=\"section\">\n\t\t\t\t\t\t<div class=\"elementor-container elementor-column-gap-default\">\n\t\t\t\t\t<div class=\"elementor-column elementor-col-100 elementor-top-column elementor-element elementor-element-a6edf32\" data-id=\"a6edf32\" data-element_type=\"column\">\n\t\t\t<div class=\"elementor-widget-wrap elementor-element-populated\">\n\t\t\t\t\t\t<div class=\"elementor-element elementor-element-9b3b50f elementor-widget elementor-widget-text-editor\" data-id=\"9b3b50f\" data-element_type=\"widget\" data-widget_type=\"text-editor.default\">\n\t\t\t\t<div class=\"elementor-widget-container\">\n\t\t\t\t\t\t\t\t\t<p style=\"text-align: center;\">\n<div class=\"wpcf7 no-js\" id=\"wpcf7-f318-o1\" lang=\"en-US\" dir=\"ltr\" data-wpcf7-id=\"318\">\n<div class=\"screen-reader-response\"><p role=\"status\" aria-live=\"polite\" aria-atomic=\"true\"><\/p> <ul><\/ul><\/div>\n<form action=\"\/index.php\/wp-json\/wp\/v2\/pages\/3091#wpcf7-f318-o1\" method=\"post\" class=\"wpcf7-form init\" aria-label=\"Contact form\" novalidate=\"novalidate\" data-status=\"init\">\n<fieldset class=\"hidden-fields-container\"><input type=\"hidden\" name=\"_wpcf7\" value=\"318\" \/><input type=\"hidden\" name=\"_wpcf7_version\" value=\"6.1.5\" \/><input type=\"hidden\" name=\"_wpcf7_locale\" value=\"en_US\" \/><input type=\"hidden\" name=\"_wpcf7_unit_tag\" value=\"wpcf7-f318-o1\" \/><input type=\"hidden\" name=\"_wpcf7_container_post\" value=\"0\" \/><input type=\"hidden\" name=\"_wpcf7_posted_data_hash\" value=\"\" \/><input type=\"hidden\" name=\"_wpcf7_recaptcha_response\" value=\"\" \/>\n<\/fieldset>\n<p><label> Nume (c\u00e2mp obligatoriu)<br \/>\n<span class=\"wpcf7-form-control-wrap\" data-name=\"your-name\"><input size=\"40\" maxlength=\"400\" class=\"wpcf7-form-control wpcf7-text wpcf7-validates-as-required\" aria-required=\"true\" aria-invalid=\"false\" value=\"\" type=\"text\" name=\"your-name\" \/><\/span> <\/label>\n<\/p>\n<p><label> Email (c\u00e2mp obligatoriu)<br \/>\n<span class=\"wpcf7-form-control-wrap\" data-name=\"your-email\"><input size=\"40\" maxlength=\"400\" class=\"wpcf7-form-control wpcf7-email wpcf7-validates-as-required wpcf7-text wpcf7-validates-as-email\" aria-required=\"true\" aria-invalid=\"false\" value=\"\" type=\"email\" name=\"your-email\" \/><\/span> <\/label>\n<\/p>\n<p><label> Ofert\u0103 Foto sau Foto &#038; Video? (c\u00e2mp obligatoriu)<br \/>\n<span class=\"wpcf7-form-control-wrap\" data-name=\"your-subject\"><input size=\"40\" maxlength=\"400\" class=\"wpcf7-form-control wpcf7-text wpcf7-validates-as-required\" aria-required=\"true\" aria-invalid=\"false\" value=\"\" type=\"text\" name=\"your-subject\" \/><\/span> <\/label>\n<\/p>\n<p><label> Data \u0219i Loca\u021bia Evenimentului (c\u00e2mp obligatoriu)<br \/>\n<span class=\"wpcf7-form-control-wrap\" data-name=\"your-message\"><textarea cols=\"40\" rows=\"10\" maxlength=\"2000\" class=\"wpcf7-form-control wpcf7-textarea wpcf7-validates-as-required\" aria-required=\"true\" aria-invalid=\"false\" name=\"your-message\"><\/textarea><\/span> <\/label>\n<\/p>\n<p><input class=\"wpcf7-form-control wpcf7-submit has-spinner\" type=\"submit\" value=\"Trimite\" \/>\n<\/p><div class=\"wpcf7-response-output\" aria-hidden=\"true\"><\/div>\n<\/form>\n<\/div>\n<\/p>\t\t\t\t\t\t\t\t<\/div>\n\t\t\t\t<\/div>\n\t\t\t\t\t<\/div>\n\t\t<\/div>\n\t\t\t\t\t<\/div>\n\t\t<\/section>\n\t\t\t\t<\/div>\n\t\t","protected":false},"excerpt":{"rendered":"<p>De Ce Eu? Despre Mine TR\u0102IRI INTENSE, ZAMBETE NATURALE \u0218I-UN STROP DE MAGIE PENTRU O NUNT\u0102 CA-N POVE\u0218TI. Filosofia Mea Totul a \u00eenceput din dorin\u021ba de a imortaliza nu doar amintiri, ci tr\u0103iri intense, autentice. Fiecare poveste este special\u0103 \u0219i merit\u0103 o prezentare pe m\u0103sur\u0103, una care s\u0103 reflecte inocen\u021ba, tinere\u021bea, romantismul, entuziasmul \u0219i senzualitatea nealterate. Stilul pe care l-am \u00eembr\u0103\u021bi\u0219at \u00eel percep ca fiind luminos \u0219i aerisit, boem \u0219i rafinat, caracterizat de o lumin\u0103 natural\u0103 \u0219i o palet\u0103 variat\u0103 [&hellip;]<\/p>\n","protected":false},"author":1,"featured_media":0,"parent":0,"menu_order":0,"comment_status":"closed","ping_status":"closed","template":"elementor_header_footer","meta":{"footnotes":""},"class_list":["post-3091","page","type-page","status-publish","hentry"],"aioseo_notices":[],"jetpack_sharing_enabled":true,"_links":{"self":[{"href":"https:\/\/andreibreier.com\/index.php\/wp-json\/wp\/v2\/pages\/3091","targetHints":{"allow":["GET"]}}],"collection":[{"href":"https:\/\/andreibreier.com\/index.php\/wp-json\/wp\/v2\/pages"}],"about":[{"href":"https:\/\/andreibreier.com\/index.php\/wp-json\/wp\/v2\/types\/page"}],"author":[{"embeddable":true,"href":"https:\/\/andreibreier.com\/index.php\/wp-json\/wp\/v2\/users\/1"}],"replies":[{"embeddable":true,"href":"https:\/\/andreibreier.com\/index.php\/wp-json\/wp\/v2\/comments?post=3091"}],"version-history":[{"count":66,"href":"https:\/\/andreibreier.com\/index.php\/wp-json\/wp\/v2\/pages\/3091\/revisions"}],"predecessor-version":[{"id":4219,"href":"https:\/\/andreibreier.com\/index.php\/wp-json\/wp\/v2\/pages\/3091\/revisions\/4219"}],"wp:attachment":[{"href":"https:\/\/andreibreier.com\/index.php\/wp-json\/wp\/v2\/media?parent=3091"}],"curies":[{"name":"wp","href":"https:\/\/api.w.org\/{rel}","templated":true}]}}